{"id":7013,"date":"2025-10-31T20:45:49","date_gmt":"2025-11-01T01:45:49","guid":{"rendered":"https:\/\/www.ljsexpress.com\/?post_type=product&#038;p=7013"},"modified":"2025-11-01T17:31:03","modified_gmt":"2025-11-01T22:31:03","slug":"loncheras-termicas-kwai-efecto-3d","status":"publish","type":"product","link":"http:\/\/www.ljsexpress.com\/es_pe\/producto\/loncheras-termicas-kwai-efecto-3d\/","title":{"rendered":"LONCHERAS TERMICAS KWAI EFECTO 3D"},"content":{"rendered":"<h2><strong>LONCHERAS TERMICAS KWAI EFECTO 3D<\/strong><\/h2>\n<p><strong>Lonchera t\u00e9rmica port\u00e1til con aislamiento Bolsa de almuerzo de dibujos animados.<\/strong><\/p>\n","protected":false},"excerpt":{"rendered":"<h2><strong>LONCHERAS TERMICAS KWAI EFECTO 3D<\/strong><\/h2>\n<p>Caracter\u00edsticas<\/p>\n<p><strong>Lonchera t\u00e9rmica port\u00e1til con aislamiento Bolsa de almuerzo de dibujos animados, fiambrera t\u00e9rmica aislada port\u00e1til, bolsa de almuerzo para Ni\u00f1os Estudiantes.<\/strong><\/p>\n<p>&nbsp;<\/p>\n","protected":false},"featured_media":7019,"comment_status":"open","ping_status":"closed","template":"","meta":[],"product_cat":[331,334],"product_tag":[],"class_list":{"0":"post-7013","1":"product","2":"type-product","3":"status-publish","4":"has-post-thumbnail","6":"product_cat-explora-cientos-de-productos","7":"product_cat-taper-para-alimentos-termicos-almacenamiento-de-alimentos-y-contenedores","9":"first","10":"instock","11":"virtual","12":"purchasable","13":"product-type-simple","14":"add-to-wishlist-after_add_to_cart"},"jetpack_sharing_enabled":true,"_links":{"self":[{"href":"http:\/\/www.ljsexpress.com\/es_pe\/wp-json\/wp\/v2\/product\/7013","targetHints":{"allow":["GET"]}}],"collection":[{"href":"http:\/\/www.ljsexpress.com\/es_pe\/wp-json\/wp\/v2\/product"}],"about":[{"href":"http:\/\/www.ljsexpress.com\/es_pe\/wp-json\/wp\/v2\/types\/product"}],"replies":[{"embeddable":true,"href":"http:\/\/www.ljsexpress.com\/es_pe\/wp-json\/wp\/v2\/comments?post=7013"}],"version-history":[{"count":3,"href":"http:\/\/www.ljsexpress.com\/es_pe\/wp-json\/wp\/v2\/product\/7013\/revisions"}],"predecessor-version":[{"id":7023,"href":"http:\/\/www.ljsexpress.com\/es_pe\/wp-json\/wp\/v2\/product\/7013\/revisions\/7023"}],"wp:featuredmedia":[{"embeddable":true,"href":"http:\/\/www.ljsexpress.com\/es_pe\/wp-json\/wp\/v2\/media\/7019"}],"wp:attachment":[{"href":"http:\/\/www.ljsexpress.com\/es_pe\/wp-json\/wp\/v2\/media?parent=7013"}],"wp:term":[{"taxonomy":"product_cat","embeddable":true,"href":"http:\/\/www.ljsexpress.com\/es_pe\/wp-json\/wp\/v2\/product_cat?post=7013"},{"taxonomy":"product_tag","embeddable":true,"href":"http:\/\/www.ljsexpress.com\/es_pe\/wp-json\/wp\/v2\/product_tag?post=7013"}],"curies":[{"name":"wp","href":"https:\/\/api.w.org\/{rel}","templated":true}]}}