{"id":11179,"date":"2026-02-17T20:14:56","date_gmt":"2026-02-18T01:14:56","guid":{"rendered":"https:\/\/www.ljsexpress.com\/es_pe\/producto\/masajeador-portatil-para-perdida-de-peso-y-grasa-recargable-por-usb-intensidad-ajustable-maquina-de-perdida-de-peso-rapida-para-individuos-perezosos-reduce-el-vientre-y-la-abdomen-esencial-para-p\/"},"modified":"2026-02-17T20:24:16","modified_gmt":"2026-02-18T01:24:16","slug":"masajeador-portatil-para-perdida-de-peso-y-grasa-recargable-por-usb-intensidad-ajustable-maquina-de-perdida-de-peso-rapida-para-individuos-perezosos-reduce-el-vientre-y-la-abdomen-esencial-para-p","status":"publish","type":"product","link":"http:\/\/www.ljsexpress.com\/es_pe\/producto\/masajeador-portatil-para-perdida-de-peso-y-grasa-recargable-por-usb-intensidad-ajustable-maquina-de-perdida-de-peso-rapida-para-individuos-perezosos-reduce-el-vientre-y-la-abdomen-esencial-para-p\/","title":{"rendered":"Masajeador Port\u00e1til para P\u00e9rdida de Peso y Grasa, Recargable por USB, Intensidad Ajustable, M\u00e1quina de P\u00e9rdida de Peso R\u00e1pida para Individuos Perezosos, Reduce el Vientre y la Abdomen, Esencial para Personas con Barriga Grande, Piernas de Elefante y Barriga de Cerveza"},"content":{"rendered":"<div style=\"width: 720px;\" class=\"wp-video\"><video class=\"wp-video-shortcode\" id=\"video-11179-1\" width=\"720\" height=\"960\" preload=\"metadata\" controls=\"controls\"><source type=\"video\/mp4\" src=\"https:\/\/www.ljsexpress.com\/wp-content\/uploads\/2026\/02\/MASAJEADOR-PORTATIL-2.mp4?_=1\" \/><a href=\"https:\/\/www.ljsexpress.com\/wp-content\/uploads\/2026\/02\/MASAJEADOR-PORTATIL-2.mp4\">https:\/\/www.ljsexpress.com\/wp-content\/uploads\/2026\/02\/MASAJEADOR-PORTATIL-2.mp4<\/a><\/video><\/div>\n<p><img decoding=\"async\" src=\"https:\/\/img.kwcdn.com\/product\/algo_check\/auto\/f6e4c3b8ce58232cacb0e9cbc0b8e765_1755243187277.jpg\" \/><img decoding=\"async\" src=\"https:\/\/img.kwcdn.com\/product\/fancy\/108cc3a4-7f93-452d-a533-72dda323c7dd.jpg\" \/><img decoding=\"async\" src=\"https:\/\/img.kwcdn.com\/product\/fancy\/5dbf456e-7076-41df-9008-19b1ad6848f6.jpg\" \/><img decoding=\"async\" src=\"https:\/\/img.kwcdn.com\/product\/fancy\/44f6e6e5-af78-4ca5-a247-f877e0a093f8.jpg\" \/><img decoding=\"async\" src=\"https:\/\/img.kwcdn.com\/product\/algo_check\/auto\/b72f24feede0e752b69ad5a1affb1737_1755243187377.jpg\" \/><img decoding=\"async\" src=\"https:\/\/img.kwcdn.com\/product\/fancy\/3c7524a4-90cc-4ba2-bb8d-65e9f9e2312f.jpg\" \/><img decoding=\"async\" src=\"https:\/\/img.kwcdn.com\/product\/fancy\/be7b603d-9d76-4a96-9856-3d9b831415a8.jpg\" \/><\/p>\n","protected":false},"excerpt":{"rendered":"<p><strong>En ljsexpress. Encuentre m\u00e1s productos de y \u00a1Disfruta de <\/strong><strong>\u2713Env\u00edo a todo el mundo! <\/strong><strong>\u2713 Venta por tiempo limitado. B-162<\/strong><\/p>\n<p><strong>IMPORTANTE<\/strong><\/p>\n<p>Al realizar la compra cuente 15 d\u00edas laborables para la entrega del producto, este producto viene de los almacenes del fabricante, Garantizamos su entrega por la empresa en Per\u00fa. taxi V SAC RUC. 20607101109<\/p>\n<p>PREGUNTE. Por productos en almac\u00e9n en Per\u00fa esto es LA ENTREGA al otro d\u00eda de la compra.<\/p>\n<p>Tom\u00e9 captura del producto y envi\u00e9 el modelo, medida y color deseado. Al 933 409 566<\/p>\n","protected":false},"featured_media":11166,"comment_status":"open","ping_status":"closed","template":"","meta":[],"product_cat":[15,359],"product_tag":[],"class_list":{"0":"post-11179","1":"product","2":"type-product","3":"status-publish","4":"has-post-thumbnail","6":"product_cat-sin-categorizar","7":"product_cat-ljsimport","9":"first","10":"instock","11":"shipping-taxable","12":"purchasable","13":"product-type-variable","14":"add-to-wishlist-after_add_to_cart"},"jetpack_sharing_enabled":true,"_links":{"self":[{"href":"http:\/\/www.ljsexpress.com\/es_pe\/wp-json\/wp\/v2\/product\/11179","targetHints":{"allow":["GET"]}}],"collection":[{"href":"http:\/\/www.ljsexpress.com\/es_pe\/wp-json\/wp\/v2\/product"}],"about":[{"href":"http:\/\/www.ljsexpress.com\/es_pe\/wp-json\/wp\/v2\/types\/product"}],"replies":[{"embeddable":true,"href":"http:\/\/www.ljsexpress.com\/es_pe\/wp-json\/wp\/v2\/comments?post=11179"}],"version-history":[{"count":2,"href":"http:\/\/www.ljsexpress.com\/es_pe\/wp-json\/wp\/v2\/product\/11179\/revisions"}],"predecessor-version":[{"id":11186,"href":"http:\/\/www.ljsexpress.com\/es_pe\/wp-json\/wp\/v2\/product\/11179\/revisions\/11186"}],"wp:featuredmedia":[{"embeddable":true,"href":"http:\/\/www.ljsexpress.com\/es_pe\/wp-json\/wp\/v2\/media\/11166"}],"wp:attachment":[{"href":"http:\/\/www.ljsexpress.com\/es_pe\/wp-json\/wp\/v2\/media?parent=11179"}],"wp:term":[{"taxonomy":"product_cat","embeddable":true,"href":"http:\/\/www.ljsexpress.com\/es_pe\/wp-json\/wp\/v2\/product_cat?post=11179"},{"taxonomy":"product_tag","embeddable":true,"href":"http:\/\/www.ljsexpress.com\/es_pe\/wp-json\/wp\/v2\/product_tag?post=11179"}],"curies":[{"name":"wp","href":"https:\/\/api.w.org\/{rel}","templated":true}]}}