{"id":8436,"date":"2026-01-11T06:20:14","date_gmt":"2026-01-11T11:20:14","guid":{"rendered":"https:\/\/www.ljsexpress.com\/es_pe\/producto\/cejas-naturales-gruesas-y-delgadas-rizo-aceite-de-ricino-natural-humedo-suero-liquido-para-crecimiento-extension-de-pestanas-producto-de-maquillaje-femenino-aliexpress-66\/"},"modified":"2026-02-26T18:17:14","modified_gmt":"2026-02-26T23:17:14","slug":"cejas-naturales-gruesas-y-delgadas-rizo-aceite-de-ricino-natural-humedo-suero-liquido-para-crecimiento-extension-de-pestanas-producto-de-maquillaje-femenino-aliexpress-66","status":"publish","type":"product","link":"http:\/\/www.ljsexpress.com\/es_es\/producto\/cejas-naturales-gruesas-y-delgadas-rizo-aceite-de-ricino-natural-humedo-suero-liquido-para-crecimiento-extension-de-pestanas-producto-de-maquillaje-femenino-aliexpress-66\/","title":{"rendered":"Cejas naturales gruesas y delgadas, rizo, aceite de ricino Natural h\u00famedo."},"content":{"rendered":"<div id=\"product-description\" class=\"description--product-description--Mjtql28\" data-spm=\"1000023\" data-pl=\"product-description\">\n<div>Compra Cejas naturales gruesas y delgadas, rizo, aceite de ricino Natural h\u00famedo, suero l\u00edquido para crecimiento, extensi\u00f3n de pesta\u00f1as, producto de maquillaje femenino en Aliexpress y ljsexpress.<\/div>\n<\/div>","protected":false},"excerpt":{"rendered":"<p>Compra Cejas naturales gruesas y delgadas, rizo, aceite de ricino Natural h\u00famedo, suero l\u00edquido para crecimiento, extensi\u00f3n de pesta\u00f1as, producto de maquillaje femenino en Aliexpress por . Encuentre m\u00e1s productos de 66, 200003305 y . \u00a1Disfruta de \u2713Env\u00edo gratuito a todo el mundo! \u2713 Venta por tiempo limitado \u2713 Devoluci\u00f3n sencilla. <strong>A-108<\/strong><\/p>\n<p>&nbsp;<\/p>\n<p>IMPORTANTE<\/p>\n<p>Al realizar la compra cuente 29 d\u00edas laborables para la entrega del producto, este producto viene de los almacenes del fabricante, Garantizamos su entrega por la empresa en Per\u00fa taxi V SAC RUC. 20607101109<\/p>\n<p>Tom\u00e9 captura del producto y envi\u00e9 el modelo, medida y color deseado. Al 933 409 566<\/p>","protected":false},"featured_media":8430,"comment_status":"open","ping_status":"closed","template":"","meta":[],"product_cat":[15,238,331,359,234],"product_tag":[],"class_list":{"0":"post-8436","1":"product","2":"type-product","3":"status-publish","4":"has-post-thumbnail","6":"product_cat-sin-categorizar","7":"product_cat-esencias-tinturas-frotaciones-parches","8":"product_cat-explora-cientos-de-productos","9":"product_cat-ljsimport","10":"product_cat-productos-naturales","12":"first","13":"onbackorder","14":"virtual","15":"purchasable","16":"product-type-simple","17":"add-to-wishlist-after_add_to_cart"},"jetpack_sharing_enabled":true,"_links":{"self":[{"href":"http:\/\/www.ljsexpress.com\/es_es\/wp-json\/wp\/v2\/product\/8436","targetHints":{"allow":["GET"]}}],"collection":[{"href":"http:\/\/www.ljsexpress.com\/es_es\/wp-json\/wp\/v2\/product"}],"about":[{"href":"http:\/\/www.ljsexpress.com\/es_es\/wp-json\/wp\/v2\/types\/product"}],"replies":[{"embeddable":true,"href":"http:\/\/www.ljsexpress.com\/es_es\/wp-json\/wp\/v2\/comments?post=8436"}],"version-history":[{"count":3,"href":"http:\/\/www.ljsexpress.com\/es_es\/wp-json\/wp\/v2\/product\/8436\/revisions"}],"predecessor-version":[{"id":11655,"href":"http:\/\/www.ljsexpress.com\/es_es\/wp-json\/wp\/v2\/product\/8436\/revisions\/11655"}],"wp:featuredmedia":[{"embeddable":true,"href":"http:\/\/www.ljsexpress.com\/es_es\/wp-json\/wp\/v2\/media\/8430"}],"wp:attachment":[{"href":"http:\/\/www.ljsexpress.com\/es_es\/wp-json\/wp\/v2\/media?parent=8436"}],"wp:term":[{"taxonomy":"product_cat","embeddable":true,"href":"http:\/\/www.ljsexpress.com\/es_es\/wp-json\/wp\/v2\/product_cat?post=8436"},{"taxonomy":"product_tag","embeddable":true,"href":"http:\/\/www.ljsexpress.com\/es_es\/wp-json\/wp\/v2\/product_tag?post=8436"}],"curies":[{"name":"wp","href":"https:\/\/api.w.org\/{rel}","templated":true}]}}